{"id":328,"date":"2014-07-22T16:40:02","date_gmt":"2014-07-22T14:40:02","guid":{"rendered":"http:\/\/amv-schwaben.de\/?page_id=328"},"modified":"2016-08-22T11:43:13","modified_gmt":"2016-08-22T09:43:13","slug":"transferpumpe-tpc-800","status":"publish","type":"page","link":"https:\/\/amv-schwaben.de\/?page_id=328","title":{"rendered":"Transferpumpe TPC-800"},"content":{"rendered":"<p>[et_pb_section fullwidth=&#8220;on&#8220; specialty=&#8220;off&#8220; background_image=&#8220;https:\/\/amv-schwaben.de\/wp-content\/uploads\/2014\/07\/kopf.jpg&#8220; background_color=&#8220;#ffffff&#8220; inner_shadow=&#8220;off&#8220; parallax=&#8220;off&#8220; parallax_method=&#8220;css&#8220;][et_pb_fullwidth_header admin_label=&#8220;Fullwidth Header&#8220; background_layout=&#8220;dark&#8220; text_orientation=&#8220;center&#8220; title=&#8220;Transferpumpe TPC-800&#8243; \/][\/et_pb_section][et_pb_section fullwidth=&#8220;off&#8220; specialty=&#8220;off&#8220;][et_pb_row][et_pb_column type=&#8220;1_3&#8243;][et_pb_image admin_label=&#8220;Image&#8220; src=&#8220;https:\/\/amv-schwaben.de\/wp-content\/uploads\/2014\/07\/Logo_400.png&#8220; show_in_lightbox=&#8220;off&#8220; url_new_window=&#8220;off&#8220; animation=&#8220;left&#8220; \/][et_pb_image admin_label=&#8220;Image&#8220; src=&#8220;https:\/\/amv-schwaben.de\/wp-content\/uploads\/2014\/07\/TPC_800_web.jpg&#8220; show_in_lightbox=&#8220;off&#8220; url_new_window=&#8220;off&#8220; animation=&#8220;left&#8220; \/][\/et_pb_column][et_pb_column type=&#8220;1_3&#8243;][et_pb_text admin_label=&#8220;Text&#8220; background_layout=&#8220;light&#8220; text_orientation=&#8220;left&#8220;]<\/p>\n<h1><strong>TPC-800<br \/>\n<\/strong><\/h1>\n<p>Die elektrische Transferpumpe TPC-800 ist geeignet zur F\u00f6rderung von CO2 direkt vom Vorratstank zum F\u00fcllstand (Niederflurbodenwaage) NFW-200 (F) bzw. NFW-200 SFK, um damit Flaschen von 2-25 kg zu f\u00fcllen. Mit der NFW-200 (F) ist somit die F\u00fcllung von CO2-Kleinflaschen bis CO2-Gro\u00dfflaschen gegeben. Die Pumpe wird von einem 230 V, 1,1 kW starken Motor angetrieben. Die F\u00f6rderleistung der CO2-Pumpe betr\u00e4gt ca. 8 Kg\/min.<\/p>\n<h3><\/h3>\n<h3>Haupteinsatzgebiet:<\/h3>\n<p>Transferpumpe zur F\u00f6rderung von CO2 aus Flaschenb\u00fcndeln oder Tanks im Hochdruckbereich 50 bar und tiefkalt -40\u00b0C, 20 bar<\/p>\n<p>&nbsp;<\/p>\n<h3>Vorteile\/Merkmale:<\/h3>\n<ul>\n<li>geeignet f\u00fcr CO2-Mitteldruck-Tank und auch tiefkalte CO2-Tanks<\/li>\n<li>Einfache Bedienung<\/li>\n<li>Kompakt, zuverl\u00e4ssig, schnell einsatzbereit<\/li>\n<li>Individuelle Anpassungen m\u00f6glich<\/li>\n<li>Einfache Wartung<\/li>\n<\/ul>\n<p>&nbsp;<\/p>\n<p>&nbsp;<\/p>\n<p>&nbsp;<\/p>\n<p>[\/et_pb_text][\/et_pb_column][et_pb_column type=&#8220;1_3&#8243;][et_pb_sidebar admin_label=&#8220;Sidebar&#8220; orientation=&#8220;right&#8220; area=&#8220;sidebar-1&#8243; background_layout=&#8220;light&#8220; \/][\/et_pb_column][\/et_pb_row][\/et_pb_section]<\/p>\n","protected":false},"excerpt":{"rendered":"<p><div class=\"et_pb_row et_pb_row_0 et_pb_row_empty\">\n\t\t\t\t\n\t\t\t\t\n\t\t\t\t\n\t\t\t\t\n\t\t\t\t\n\t\t\t<\/div> TPC-800 Die elektrische Transferpumpe TPC-800 ist geeignet zur F\u00f6rderung von CO2 direkt vom Vorratstank zum F\u00fcllstand (Niederflurbodenwaage) NFW-200 (F) bzw. NFW-200 SFK, um damit Flaschen von 2-25 kg zu f\u00fcllen. Mit der NFW-200 (F) ist somit die F\u00fcllung von CO2-Kleinflaschen bis CO2-Gro\u00dfflaschen gegeben. Die Pumpe wird von einem 230 V, 1,1 kW starken Motor [&hellip;]<\/p>\n","protected":false},"author":1,"featured_media":0,"parent":0,"menu_order":0,"comment_status":"open","ping_status":"open","template":"","meta":{"_et_pb_use_builder":"on","_et_pb_old_content":"","_et_gb_content_width":""},"_links":{"self":[{"href":"https:\/\/amv-schwaben.de\/index.php?rest_route=\/wp\/v2\/pages\/328"}],"collection":[{"href":"https:\/\/amv-schwaben.de\/index.php?rest_route=\/wp\/v2\/pages"}],"about":[{"href":"https:\/\/amv-schwaben.de\/index.php?rest_route=\/wp\/v2\/types\/page"}],"author":[{"embeddable":true,"href":"https:\/\/amv-schwaben.de\/index.php?rest_route=\/wp\/v2\/users\/1"}],"replies":[{"embeddable":true,"href":"https:\/\/amv-schwaben.de\/index.php?rest_route=%2Fwp%2Fv2%2Fcomments&post=328"}],"version-history":[{"count":8,"href":"https:\/\/amv-schwaben.de\/index.php?rest_route=\/wp\/v2\/pages\/328\/revisions"}],"predecessor-version":[{"id":677,"href":"https:\/\/amv-schwaben.de\/index.php?rest_route=\/wp\/v2\/pages\/328\/revisions\/677"}],"wp:attachment":[{"href":"https:\/\/amv-schwaben.de\/index.php?rest_route=%2Fwp%2Fv2%2Fmedia&parent=328"}],"curies":[{"name":"wp","href":"https:\/\/api.w.org\/{rel}","templated":true}]}}