{"id":277,"date":"2014-07-11T11:31:56","date_gmt":"2014-07-11T09:31:56","guid":{"rendered":"http:\/\/amv-schwaben.de\/?page_id=277"},"modified":"2016-07-13T15:17:53","modified_gmt":"2016-07-13T13:17:53","slug":"ueber-uns","status":"publish","type":"page","link":"https:\/\/amv-schwaben.de\/?page_id=277","title":{"rendered":"\u00dcber uns"},"content":{"rendered":"<p>[et_pb_section fullwidth=&#8220;on&#8220; specialty=&#8220;off&#8220; background_image=&#8220;https:\/\/amv-schwaben.de\/wp-content\/uploads\/2014\/07\/kopf.jpg&#8220; background_color=&#8220;#ffffff&#8220; inner_shadow=&#8220;off&#8220; parallax=&#8220;off&#8220; parallax_method=&#8220;css&#8220;][et_pb_fullwidth_header admin_label=&#8220;Fullwidth Header&#8220; background_layout=&#8220;dark&#8220; text_orientation=&#8220;center&#8220; title=&#8220;\u00dcber uns&#8220; \/][\/et_pb_section][et_pb_section fullwidth=&#8220;off&#8220; specialty=&#8220;off&#8220;][et_pb_row][et_pb_column type=&#8220;1_3&#8243;][et_pb_image admin_label=&#8220;Image&#8220; src=&#8220;https:\/\/amv-schwaben.de\/wp-content\/uploads\/2014\/07\/Logo_400.png&#8220; show_in_lightbox=&#8220;off&#8220; url_new_window=&#8220;off&#8220; animation=&#8220;left&#8220; \/][\/et_pb_column][et_pb_column type=&#8220;1_3&#8243;][et_pb_text admin_label=&#8220;Text&#8220; background_layout=&#8220;light&#8220; text_orientation=&#8220;left&#8220;]<\/p>\n<h1><strong>Wir bieten Komplettl\u00f6sungen<br \/>\n<\/strong><\/h1>\n<div class=\"content\">\n<div class=\"field field-name-body field-type-text-with-summary field-label-hidden\">\n<div class=\"field-items\">\n<div class=\"field-item even\">\n<div class=\"box\">\n<p>Wir sind ein leistungsstarkes Familienunternehmen mit Sitz in Babenhausen, N\u00e4he Autobahn A7 mit den Anschlussstellen Memmingen und Illertissen. Durch unsere hohe Qualit\u00e4t und stetige Lieferbereitschaft ist unser Team weit \u00fcber die Grenzen hinaus bekannt.<\/p>\n<p>Wir bieten nicht nur einzelne Produktgruppen sondern versorgen Sie gerne auch mit den passenden Anschl\u00fcssen und Verrohrungen. Komplettl\u00f6sungen sind unser Spezialgebiet. \u2013 FRAGEN SIE UNS!<\/p>\n<p>Qualit\u00e4t, stetige Lieferbereitschaft und Zuverl\u00e4ssigkeit sind unsere gro\u00dfen St\u00e4rken.<\/p>\n<\/div>\n<\/div>\n<\/div>\n<\/div>\n<\/div>\n<p>&nbsp;<\/p>\n<p>[\/et_pb_text][\/et_pb_column][et_pb_column type=&#8220;1_3&#8243;][et_pb_sidebar admin_label=&#8220;Sidebar&#8220; orientation=&#8220;right&#8220; area=&#8220;sidebar-1&#8243; background_layout=&#8220;light&#8220; \/][\/et_pb_column][\/et_pb_row][\/et_pb_section]<\/p>\n","protected":false},"excerpt":{"rendered":"<p><div class=\"et_pb_row et_pb_row_0 et_pb_row_empty\">\n\t\t\t\t\n\t\t\t\t\n\t\t\t\t\n\t\t\t\t\n\t\t\t\t\n\t\t\t<\/div> Wir bieten Komplettl\u00f6sungen Wir sind ein leistungsstarkes Familienunternehmen mit Sitz in Babenhausen, N\u00e4he Autobahn A7 mit den Anschlussstellen Memmingen und Illertissen. Durch unsere hohe Qualit\u00e4t und stetige Lieferbereitschaft ist unser Team weit \u00fcber die Grenzen hinaus bekannt. Wir bieten nicht nur einzelne Produktgruppen sondern versorgen Sie gerne auch mit den passenden Anschl\u00fcssen und Verrohrungen. [&hellip;]<\/p>\n","protected":false},"author":1,"featured_media":0,"parent":0,"menu_order":0,"comment_status":"open","ping_status":"open","template":"","meta":{"_et_pb_use_builder":"on","_et_pb_old_content":"","_et_gb_content_width":""},"_links":{"self":[{"href":"https:\/\/amv-schwaben.de\/index.php?rest_route=\/wp\/v2\/pages\/277"}],"collection":[{"href":"https:\/\/amv-schwaben.de\/index.php?rest_route=\/wp\/v2\/pages"}],"about":[{"href":"https:\/\/amv-schwaben.de\/index.php?rest_route=\/wp\/v2\/types\/page"}],"author":[{"embeddable":true,"href":"https:\/\/amv-schwaben.de\/index.php?rest_route=\/wp\/v2\/users\/1"}],"replies":[{"embeddable":true,"href":"https:\/\/amv-schwaben.de\/index.php?rest_route=%2Fwp%2Fv2%2Fcomments&post=277"}],"version-history":[{"count":3,"href":"https:\/\/amv-schwaben.de\/index.php?rest_route=\/wp\/v2\/pages\/277\/revisions"}],"predecessor-version":[{"id":655,"href":"https:\/\/amv-schwaben.de\/index.php?rest_route=\/wp\/v2\/pages\/277\/revisions\/655"}],"wp:attachment":[{"href":"https:\/\/amv-schwaben.de\/index.php?rest_route=%2Fwp%2Fv2%2Fmedia&parent=277"}],"curies":[{"name":"wp","href":"https:\/\/api.w.org\/{rel}","templated":true}]}}