{"id":219,"date":"2014-07-11T10:06:15","date_gmt":"2014-07-11T08:06:15","guid":{"rendered":"http:\/\/amv-schwaben.de\/?page_id=219"},"modified":"2015-08-14T10:03:16","modified_gmt":"2015-08-14T08:03:16","slug":"zubehoer","status":"publish","type":"page","link":"https:\/\/amv-schwaben.de\/?page_id=219","title":{"rendered":"Zubeh\u00f6r"},"content":{"rendered":"<p>[et_pb_section fullwidth=&#8220;on&#8220; specialty=&#8220;off&#8220; background_image=&#8220;https:\/\/amv-schwaben.de\/wp-content\/uploads\/2014\/07\/kopf.jpg&#8220; background_color=&#8220;#ffffff&#8220; inner_shadow=&#8220;off&#8220; parallax=&#8220;off&#8220; parallax_method=&#8220;css&#8220;][et_pb_fullwidth_header admin_label=&#8220;Fullwidth Header&#8220; background_layout=&#8220;dark&#8220; text_orientation=&#8220;center&#8220; title=&#8220;Zubeh\u00f6r&#8220; \/][\/et_pb_section][et_pb_section fullwidth=&#8220;off&#8220; specialty=&#8220;off&#8220;][et_pb_row][et_pb_column type=&#8220;1_3&#8243;][et_pb_image admin_label=&#8220;Image&#8220; src=&#8220;https:\/\/amv-schwaben.de\/wp-content\/uploads\/2014\/07\/Logo_400.png&#8220; show_in_lightbox=&#8220;off&#8220; url_new_window=&#8220;off&#8220; animation=&#8220;left&#8220; \/][et_pb_image admin_label=&#8220;Image&#8220; src=&#8220;https:\/\/amv-schwaben.de\/wp-content\/uploads\/2015\/08\/Co2-Warnger\u00e4t.ax50_trans2.png&#8220; show_in_lightbox=&#8220;off&#8220; url_new_window=&#8220;off&#8220; animation=&#8220;left&#8220; \/][\/et_pb_column][et_pb_column type=&#8220;1_3&#8243;][et_pb_text admin_label=&#8220;Text&#8220; background_layout=&#8220;light&#8220; text_orientation=&#8220;left&#8220;]<\/p>\n<h1><\/h1>\n<h1><\/h1>\n<h1><strong>Das passende Zubeh\u00f6r<br \/>\n<\/strong><\/h1>\n<p>&nbsp;<\/p>\n<p>________________________________________________________<\/p>\n<h1>CO2-Warnger\u00e4t \u00a0AX 50TM mit Voralarm<\/h1>\n<p>Der Ax 50TM wurde\u00a0zur Erkennung von Kohlendioxid in der Raumluft entwickelt und damit zum Schutz von Personen in geschlossenen R\u00e4umen. Der Ax 50TM gibt akustische und optische Warnsignale bei potenziell gef\u00e4hrlichen Konzentrationen von Kohlendioxid in der Luft, die das Messger\u00e4t umgibt. Das Messger\u00e4t nutzt ein Infrarot-Messsystem in Kombination mit modernster Technologie. Es ist in einem nach IP65 spritzwassergesch\u00fctzten Geh\u00e4use untergebracht und f\u00fcr einen langen, st\u00f6rungsfreien Betrieb mit minimalen Wartungsanforderungen ausgelegt. Die Fernanzeige gibt die Statusmeldung der Ax 50TM-Haupteinheit wieder. Sie besitzt au\u00dferdem eine Drucktaste mit derselben Funktion wie die Taste &#8222;Mode&#8220; am Ax 50TM .<\/p>\n<p>Wenn Ihr Produktionsraum mehrere Eing\u00e4nge besitzt, ben\u00f6tigen Sie eventuell mehr als eine Fernanzeige. Bis zu drei Fernanzeigen k\u00f6nnen einfach in Reihe geschaltet werden und bis zu drei Eingangst\u00fcren sch\u00fctzen.<\/p>\n<p>Wenn der Ax 50TM mit einem Voralarm bei 0,5 % ausger\u00fcstet ist und er eine Kohlendioxidkonzentration erkennt, die die erste Alarmstufe \u00fcberschreitet, beginnt die erste rote Alarmanzeige zu blinken und es ert\u00f6nt eine Sirene.<\/p>\n<p>Wenn die gemessene Kohlendioxidkonzentration weiter bis \u00fcber die zweite Alarmstufe ansteigt, beginnt auch die zweite rote Alarmanzeige zu blinken und die Sirene ert\u00f6nt.<\/p>\n<p>Wenn die gemessene \u00a0Kohlendioxidkonzentration weiter bis \u00fcber die dritte Alarmstufe ansteigt, beginnt auch die dritte rote Alarmanzeige zu blinken und das Sirenentempo erh\u00f6ht sich. Dieser Zustand wird an allen Fernanzeigen gleicherma\u00dfen wiedergegeben. Die Alarme l\u00f6schen selbst\u00e4ndig, wenn der Kohlendioxid-Pegel unter die Alarmgrenze f\u00e4llt.<\/p>\n<p>_______________________________________________________________________________<\/p>\n<p>[\/et_pb_text][\/et_pb_column][et_pb_column type=&#8220;1_3&#8243;][et_pb_sidebar admin_label=&#8220;Sidebar&#8220; orientation=&#8220;right&#8220; area=&#8220;sidebar-1&#8243; background_layout=&#8220;light&#8220; \/][\/et_pb_column][\/et_pb_row][\/et_pb_section]<\/p>\n","protected":false},"excerpt":{"rendered":"<p><div class=\"et_pb_row et_pb_row_0 et_pb_row_empty\">\n\t\t\t\t\n\t\t\t\t\n\t\t\t\t\n\t\t\t\t\n\t\t\t\t\n\t\t\t<\/div> Das passende Zubeh\u00f6r &nbsp; ________________________________________________________ CO2-Warnger\u00e4t \u00a0AX 50TM mit Voralarm Der Ax 50TM wurde\u00a0zur Erkennung von Kohlendioxid in der Raumluft entwickelt und damit zum Schutz von Personen in geschlossenen R\u00e4umen. Der Ax 50TM gibt akustische und optische Warnsignale bei potenziell gef\u00e4hrlichen Konzentrationen von Kohlendioxid in der Luft, die das Messger\u00e4t umgibt. Das Messger\u00e4t nutzt [&hellip;]<\/p>\n","protected":false},"author":1,"featured_media":0,"parent":0,"menu_order":0,"comment_status":"open","ping_status":"open","template":"","meta":{"_et_pb_use_builder":"on","_et_pb_old_content":"","_et_gb_content_width":""},"_links":{"self":[{"href":"https:\/\/amv-schwaben.de\/index.php?rest_route=\/wp\/v2\/pages\/219"}],"collection":[{"href":"https:\/\/amv-schwaben.de\/index.php?rest_route=\/wp\/v2\/pages"}],"about":[{"href":"https:\/\/amv-schwaben.de\/index.php?rest_route=\/wp\/v2\/types\/page"}],"author":[{"embeddable":true,"href":"https:\/\/amv-schwaben.de\/index.php?rest_route=\/wp\/v2\/users\/1"}],"replies":[{"embeddable":true,"href":"https:\/\/amv-schwaben.de\/index.php?rest_route=%2Fwp%2Fv2%2Fcomments&post=219"}],"version-history":[{"count":15,"href":"https:\/\/amv-schwaben.de\/index.php?rest_route=\/wp\/v2\/pages\/219\/revisions"}],"predecessor-version":[{"id":446,"href":"https:\/\/amv-schwaben.de\/index.php?rest_route=\/wp\/v2\/pages\/219\/revisions\/446"}],"wp:attachment":[{"href":"https:\/\/amv-schwaben.de\/index.php?rest_route=%2Fwp%2Fv2%2Fmedia&parent=219"}],"curies":[{"name":"wp","href":"https:\/\/api.w.org\/{rel}","templated":true}]}}