{"id":1340,"date":"2020-04-09T11:42:18","date_gmt":"2020-04-09T09:42:18","guid":{"rendered":"http:\/\/amv-schwaben.de\/?page_id=1340"},"modified":"2020-04-23T09:51:08","modified_gmt":"2020-04-23T07:51:08","slug":"asco-jet-2008-combi-pro","status":"publish","type":"page","link":"https:\/\/amv-schwaben.de\/?page_id=1340","title":{"rendered":"ASCO Jet 2008 Combi Pro"},"content":{"rendered":"<p>[et_pb_section][et_pb_row][et_pb_column type=&#8220;1_3&#8243;][et_pb_image admin_label=&#8220;Image&#8220; src=&#8220;https:\/\/amv-schwaben.de\/wp-content\/uploads\/2014\/07\/Logo_400.png&#8220; show_in_lightbox=&#8220;off&#8220; url_new_window=&#8220;off&#8220; animation=&#8220;left&#8220; \/][et_pb_image admin_label=&#8220;Image&#8220; src=&#8220;https:\/\/amv-schwaben.de\/wp-content\/uploads\/2020\/04\/Trockeneismaschine-JET-2008-Combi-Pro.jpg&#8220; show_in_lightbox=&#8220;off&#8220; url_new_window=&#8220;off&#8220; animation=&#8220;left&#8220; \/][\/et_pb_column][et_pb_column type=&#8220;1_3&#8243;][et_pb_text admin_label=&#8220;Text&#8220; background_layout=&#8220;light&#8220; text_orientation=&#8220;left&#8220;]<\/p>\n<p><strong>Trockeneisstrahlger\u00e4t ASCOJET 2008 Combi Pro<\/strong><\/p>\n<p>&nbsp;<\/p>\n<p>&nbsp;<\/p>\n<p><strong>Der High-Performer<\/strong><\/p>\n<p>Der ASCOJET 2008 Combi Pro ist das leistungsst\u00e4rkste ASCOJET Trockeneisstrahlger\u00e4t, welches ein zus\u00e4tzliches Strahlmittel in den Trockeneisstrom dosieren kann und somit die optimale Kombination aus schonendem Reinigen mit Trockeneispellets und der zus\u00e4tzlichen, abrasiven Wirkung eines Additiv bietet.<\/p>\n<p>Seine Reinigungsleistung von bis zu 20 bar Strahldruck\u00a0deckt die h\u00f6chsten Anspr\u00fcche s\u00e4mtlicher High-End-Bereiche. Dank der M\u00f6glichkeit, den ASCOJET 2008 Combi Pro auch mit einem Einschlauchsystem zu verwenden, profitieren Anwender von einem h\u00f6chsten Ma\u00df an Flexibilit\u00e4t.<\/p>\n<p>Weiteres Zubeh\u00f6r zum Trockeneisstrahlger\u00e4t ASCO Nanojet vorhanden.<\/p>\n<p>Spezifikationen:<\/p>\n<p>Gewicht leer: ca. 89 kg<br \/>\nStrahldruck mit Additiv: 4 &#8211; 8 bar (verstellbar)<br \/>\nStrahldruck ohne Additiv: 0 &#8211; 20 bar (verstellbar)<br \/>\nStrahldruck 2-Schlauchsystem: 0 &#8211; 20 bar (verstellbar)<br \/>\nStrahldruck 1-Schlauchsystem: 0 &#8211; 10 bar (verstellbar)<br \/>\nTrockeneisverbrauch: 30 &#8211; 100 kg\/Std. (stufenlos)<br \/>\nAdditivverbrauch: ca. 30 kg\/Std. (abh\u00e4ngig von Strahldruck)<\/p>\n<p>Als Komplettanbieter rund um CO<sub>2<\/sub> bieten wir auch eine umfassende Produktpalette rund ums Trockeneisstrahlen. Wir sind immer bestrebt, die bestm\u00f6glichen L\u00f6sungen f\u00fcr unsere Kunden zu finden, und entwickeln deshalb auch kundenspezifische Produkte oder an Ihre Bed\u00fcrfnisse angepasste Automatisierungen.<\/p>\n<p>&nbsp;<\/p>\n<p>[\/et_pb_text][\/et_pb_column][et_pb_column type=&#8220;1_3&#8243;][et_pb_sidebar admin_label=&#8220;Sidebar&#8220; orientation=&#8220;left&#8220; area=&#8220;sidebar-1&#8243; background_layout=&#8220;light&#8220; \/][\/et_pb_column][\/et_pb_row][\/et_pb_section]<\/p>\n","protected":false},"excerpt":{"rendered":"<p><div class=\"et_pb_section et_pb_section_0 et_section_regular\" >\n\t\t\t\t\n\t\t\t\t\n\t\t\t\t\n\t\t\t\t\n\t\t\t\t\n\t\t\t\t\n\t\t\t\t\n\t\t\t\t\n\t\t\t\t\n\t\t\t<\/div><div class=\"et_pb_row et_pb_row_0 et_pb_row_empty\">\n\t\t\t\t\n\t\t\t\t\n\t\t\t\t\n\t\t\t\t\n\t\t\t\t\n\t\t\t<\/div> Trockeneisstrahlger\u00e4t ASCOJET 2008 Combi Pro &nbsp; &nbsp; Der High-Performer Der ASCOJET 2008 Combi Pro ist das leistungsst\u00e4rkste ASCOJET Trockeneisstrahlger\u00e4t, welches ein zus\u00e4tzliches Strahlmittel in den Trockeneisstrom dosieren kann und somit die optimale Kombination aus schonendem Reinigen mit Trockeneispellets und der zus\u00e4tzlichen, abrasiven Wirkung eines Additiv bietet. Seine Reinigungsleistung von bis zu 20 bar Strahldruck\u00a0deckt [&hellip;]<\/p>\n","protected":false},"author":2,"featured_media":0,"parent":0,"menu_order":0,"comment_status":"closed","ping_status":"closed","template":"","meta":{"_et_pb_use_builder":"on","_et_pb_old_content":"","_et_gb_content_width":""},"_links":{"self":[{"href":"https:\/\/amv-schwaben.de\/index.php?rest_route=\/wp\/v2\/pages\/1340"}],"collection":[{"href":"https:\/\/amv-schwaben.de\/index.php?rest_route=\/wp\/v2\/pages"}],"about":[{"href":"https:\/\/amv-schwaben.de\/index.php?rest_route=\/wp\/v2\/types\/page"}],"author":[{"embeddable":true,"href":"https:\/\/amv-schwaben.de\/index.php?rest_route=\/wp\/v2\/users\/2"}],"replies":[{"embeddable":true,"href":"https:\/\/amv-schwaben.de\/index.php?rest_route=%2Fwp%2Fv2%2Fcomments&post=1340"}],"version-history":[{"count":2,"href":"https:\/\/amv-schwaben.de\/index.php?rest_route=\/wp\/v2\/pages\/1340\/revisions"}],"predecessor-version":[{"id":1407,"href":"https:\/\/amv-schwaben.de\/index.php?rest_route=\/wp\/v2\/pages\/1340\/revisions\/1407"}],"wp:attachment":[{"href":"https:\/\/amv-schwaben.de\/index.php?rest_route=%2Fwp%2Fv2%2Fmedia&parent=1340"}],"curies":[{"name":"wp","href":"https:\/\/api.w.org\/{rel}","templated":true}]}}