{"id":1310,"date":"2020-04-08T18:28:42","date_gmt":"2020-04-08T16:28:42","guid":{"rendered":"http:\/\/amv-schwaben.de\/?page_id=1310"},"modified":"2020-04-08T18:37:01","modified_gmt":"2020-04-08T16:37:01","slug":"asco-jet-1701-2","status":"publish","type":"page","link":"https:\/\/amv-schwaben.de\/?page_id=1310","title":{"rendered":"ASCO Jet 1701"},"content":{"rendered":"<p>[et_pb_section][et_pb_row][et_pb_column type=&#8220;1_3&#8243;][et_pb_image admin_label=&#8220;Image&#8220; src=&#8220;https:\/\/amv-schwaben.de\/wp-content\/uploads\/2020\/04\/Trockeneismaschine-JET-1701.jpg&#8220; show_in_lightbox=&#8220;off&#8220; url_new_window=&#8220;off&#8220; animation=&#8220;left&#8220; \/][\/et_pb_column][et_pb_column type=&#8220;1_3&#8243;][et_pb_text admin_label=&#8220;Text&#8220; background_layout=&#8220;light&#8220; text_orientation=&#8220;left&#8220;]<\/p>\n<p><strong>Trockeneisstrahlger\u00e4t ASCOJET 1701<\/strong><\/p>\n<p>&nbsp;<\/p>\n<p>&nbsp;<\/p>\n<p><strong>Der industrielle Allrounder<\/strong><\/p>\n<p>&nbsp;<\/p>\n<p>Mit seinem leistungsstarken Einschlauchsystem ist der ASCOJET 1701 die ideale Kombination von hoher Reinigungsleistung und leichtem Handling.<\/p>\n<p>Das Trockeneisstrahlger\u00e4t ASCOJET 1701 ist sehr kompakt, mobil und auf 4 R\u00e4dern montiert, mit 7.5 m Strahlschlauch und einer OHP-Pistole ausger\u00fcstet. Arbeitsdruck und Trockeneisverbrauch sind am Ger\u00e4t regulierbar. Dieses leistungsstarke Trockeneisstrahlger\u00e4t eignet sich insbesondere f\u00fcr industriellen Anwender wie Gie\u00dfereien, Reifenhersteller, Druckereien oder in der Lebensmittelindustrie.<\/p>\n<p>Weiteres Zubeh\u00f6r zum Trockeneisstrahlger\u00e4t ASCO Nanojet vorhanden.<\/p>\n<p>Spezifikationen:<\/p>\n<p>Gewicht leer: ca. 84 kg<br \/>\nArbeitsdruck: 0 &#8211; 10 bar<br \/>\nTrockeneisverbrauch: 25 &#8211; 80 kg\/Std. (stufenlos)<\/p>\n<p>&nbsp;<\/p>\n<p>Als Komplettanbieter rund um CO<sub>2<\/sub> bieten wir auch eine umfassende Produktpalette rund ums Trockeneisstrahlen. Wir sind immer bestrebt, die bestm\u00f6glichen L\u00f6sungen f\u00fcr unsere Kunden zu finden, und entwickeln deshalb auch kundenspezifische Produkte oder an Ihre Bed\u00fcrfnisse angepasste Automatisierungen.<\/p>\n<p>&nbsp;<\/p>\n<p>[\/et_pb_text][\/et_pb_column][et_pb_column type=&#8220;1_3&#8243;][et_pb_sidebar admin_label=&#8220;Sidebar&#8220; orientation=&#8220;left&#8220; area=&#8220;sidebar-1&#8243; background_layout=&#8220;light&#8220; \/][\/et_pb_column][\/et_pb_row][\/et_pb_section]<\/p>\n","protected":false},"excerpt":{"rendered":"<p><div class=\"et_pb_section et_pb_section_0 et_section_regular\" >\n\t\t\t\t\n\t\t\t\t\n\t\t\t\t\n\t\t\t\t\n\t\t\t\t\n\t\t\t\t\n\t\t\t\t\n\t\t\t\t\n\t\t\t\t\n\t\t\t<\/div><div class=\"et_pb_row et_pb_row_0 et_pb_row_empty\">\n\t\t\t\t\n\t\t\t\t\n\t\t\t\t\n\t\t\t\t\n\t\t\t\t\n\t\t\t<\/div> Trockeneisstrahlger\u00e4t ASCOJET 1701 &nbsp; &nbsp; Der industrielle Allrounder &nbsp; Mit seinem leistungsstarken Einschlauchsystem ist der ASCOJET 1701 die ideale Kombination von hoher Reinigungsleistung und leichtem Handling. Das Trockeneisstrahlger\u00e4t ASCOJET 1701 ist sehr kompakt, mobil und auf 4 R\u00e4dern montiert, mit 7.5 m Strahlschlauch und einer OHP-Pistole ausger\u00fcstet. Arbeitsdruck und Trockeneisverbrauch sind am Ger\u00e4t regulierbar. [&hellip;]<\/p>\n","protected":false},"author":2,"featured_media":0,"parent":0,"menu_order":0,"comment_status":"closed","ping_status":"closed","template":"","meta":{"_et_pb_use_builder":"on","_et_pb_old_content":"","_et_gb_content_width":""},"_links":{"self":[{"href":"https:\/\/amv-schwaben.de\/index.php?rest_route=\/wp\/v2\/pages\/1310"}],"collection":[{"href":"https:\/\/amv-schwaben.de\/index.php?rest_route=\/wp\/v2\/pages"}],"about":[{"href":"https:\/\/amv-schwaben.de\/index.php?rest_route=\/wp\/v2\/types\/page"}],"author":[{"embeddable":true,"href":"https:\/\/amv-schwaben.de\/index.php?rest_route=\/wp\/v2\/users\/2"}],"replies":[{"embeddable":true,"href":"https:\/\/amv-schwaben.de\/index.php?rest_route=%2Fwp%2Fv2%2Fcomments&post=1310"}],"version-history":[{"count":1,"href":"https:\/\/amv-schwaben.de\/index.php?rest_route=\/wp\/v2\/pages\/1310\/revisions"}],"predecessor-version":[{"id":1311,"href":"https:\/\/amv-schwaben.de\/index.php?rest_route=\/wp\/v2\/pages\/1310\/revisions\/1311"}],"wp:attachment":[{"href":"https:\/\/amv-schwaben.de\/index.php?rest_route=%2Fwp%2Fv2%2Fmedia&parent=1310"}],"curies":[{"name":"wp","href":"https:\/\/api.w.org\/{rel}","templated":true}]}}